{"id":5768,"date":"2018-10-22T13:50:14","date_gmt":"2018-10-22T13:50:14","guid":{"rendered":"https:\/\/www.ekko-wp.com\/?page_id=5768"},"modified":"2024-09-25T16:04:54","modified_gmt":"2024-09-25T14:04:54","slug":"politika-zasebnosti","status":"publish","type":"page","link":"https:\/\/www.thegreatleadership.com\/sl\/politika-zasebnosti\/","title":{"rendered":"Politika zasebnosti"},"content":{"rendered":"<div class=\"wpb-content-wrapper\"><div class=\"vc_row wpb_row vc_row-fluid vc_custom_1605811779090\"><div class=\"wpb_column vc_column_container vc_col-sm-8 vc_col-lg-8 vc_col-md-12 vc_col-xs-12\"><div class=\"vc_column-inner vc_custom_1607016951846\"><div class=\"wpb_wrapper\"><div class=\"vc_row wpb_row vc_inner vc_row-fluid\"><div class=\"wpb_column vc_column_container vc_col-sm-12 vc_hidden-lg\"><div class=\"vc_column-inner\"><div class=\"wpb_wrapper\">\n\t<div class=\"wpb_text_column wpb_content_element\" >\n\t\t<div class=\"wpb_wrapper\">\n\t\t\t<p><span style=\"font-weight: 400;\">Politika zasebnosti velja od trenutka objave na spletni strani.\u00a0<\/span><\/p>\n<p><span style=\"font-weight: 400;\">Zadnja posodobitev: september 2024<\/span><\/p>\n<p><a href=\"https:\/\/www.thegreatleadership.com\/sl\/privacy-policy\/\">Verzija v angle\u0161kem jeziku.<\/a><\/p>\n\n\t\t<\/div>\n\t<\/div>\n<\/div><\/div><\/div><\/div>\n\t<div class=\"wpb_text_column wpb_content_element\" >\n\t\t<div class=\"wpb_wrapper\">\n\t\t\t<h3>SPLO\u0160NO<\/h3>\n<p>Podjetje GREAT Leadership Solutions d.o.o. (v nadaljevanju \u00bbupravljavec\u00ab), ki upravlja spletno stran http:\/\/www.thegreatleadership.com (v nadaljevanju \u00bbspletna stran\u00ab), se zaveda pomembnosti varovanja va\u0161ih osebnih podatkov in zasebnosti, zato vse informacije obravnava skrbno. Podro\u010dje varstva osebnih podatkov v Sloveniji ureja Zakon o varstvu osebnih podatkov (EU) 2016\/679 (Uradni list RS, \u0161t. 86\/04), ki dolo\u010da pravice, obveznosti, na\u010dela in ukrepe za prepre\u010devanje neustavnega, nezakonitega in neupravi\u010denega posega v zasebnost in dostojanstvo posameznika pri obdelavi osebnih podatkov.<\/p>\n<h3>VAROVANJE OSEBNIH PODATKOV<\/h3>\n<p>V skladu z dolo\u010dbami Zakona o varstvu osebnih podatkov (EU) 2016\/679 upravljavec spo\u0161tuje va\u0161o pravico do zasebnosti na naslednji na\u010din:<\/p>\n<ul>\n<li>Osebni podatki so informacije, ki ste jih prostovoljno posredovali upravljavcu, s \u010dimer omogo\u010date njihovo obdelavo;<\/li>\n<li>Upravljavec osebnih podatkov, ki jih posredujete, brez va\u0161e privolitve ne bo uporabil, posredoval, uporabljal ali omogo\u010dil dostopa tretjim osebam na na\u010din, ki bi bil v nasprotju z zakonom;<\/li>\n<li>Upravljavec ne zahteva ali obdeluje ob\u010dutljivih osebnih podatkov, kot jih dolo\u010da Zakon o varstvu osebnih podatkov (EU) 2016\/679;<\/li>\n<li>Posredovani podatki bodo uporabljeni zakonito in izklju\u010dno za namene, povezane z delovanjem spletne strani, o \u010demer ste obve\u0161\u010deni na straneh spletne strani;<\/li>\n<li>Po izpolnitvi namena uporabe osebnih podatkov se podatki arhivirajo za \u010das, dolo\u010den z zakoni, ki urejajo delovanje na\u0161ih storitev;<\/li>\n<li>Osebni podatki, uporabljeni za storitve spletne strani, so ustrezni in sorazmerni glede na namen zbiranja;<\/li>\n<li>Osebne podatke prostovoljno posredujete na spletni strani, imate pa pravico dostopa, dopolnjevanja, popravljanja, blokiranja in izbrisa le-teh, kot je pojasnjeno v poglavju 8, \u00bbKako lahko upravljate svoje osebne podatke.\u00ab<\/li>\n<\/ul>\n<h3>KDO LAHKO VIDI VA\u0160E PODATKE<\/h3>\n<p>Va\u0161e podatke obdeluje in pregleduje ekipa podjetja:<br \/>\nGREAT Leadership Solutions d.o.o.<br \/>\nDunajska cesta 144 SI-1000 Ljubljana<br \/>\nSlovenija<br \/>\nDirektorja: Gregor Kosi, Lucija Sajevec<\/p>\n<p>Druga podjetja (zunanji ponudniki podatkovnih baz).<br \/>\nVse zunanje baze podatkov so skladne z Uredbo o splo\u0161ni za\u0161\u010diti podatkov (GDPR) (EU) 2016\/679.<\/p>\n<h3>KJE SHRANJUJEMO VA\u0160E PODATKE<\/h3>\n<p>Va\u0161i podatki so shranjeni v avtomatiziranih bazah podatkov in zunanjih bazah podatkov:<\/p>\n<ul>\n<li>GREAT Leadership Solutions (baza podatkov upravljavca)<\/li>\n<li>MailChimp (zunanja baza podatkov)<\/li>\n<li>Google (zunanja baza podatkov)<\/li>\n<li>Facebook (zunanja baza podatkov)<\/li>\n<li>TikTok (zunanja baza podatkov)<\/li>\n<li>Instagram (zunanja baza podatkov)<\/li>\n<li>LinkedIn (zunanja baza podatkov)<\/li>\n<li>Pipedrive (zunanja baza podatkov) itd.<\/li>\n<\/ul>\n<p>Vse zunanje baze podatkov so skladne z Uredbo o splo\u0161ni za\u0161\u010diti podatkov (GDPR) (EU) 2016\/679. Podatkov ne delimo z drugimi zunanjimi bazami podatkov.<\/p>\n<h3>KATERE PODATKE ZBIRAMO<\/h3>\n<p>Za tr\u017ene namene zbiramo naslednje podatke:<\/p>\n<ul>\n<li>Ime in priimek<\/li>\n<li>E-naslov<\/li>\n<li>Telefonska \u0161tevilka<\/li>\n<li>Interes za vrsto programa<\/li>\n<\/ul>\n<p>Za na\u0161e storitve (udele\u017eba na te\u010dajih GREAT Leadership Solutions) zbiramo naslednje podatke:<\/p>\n<ul>\n<li>Ime in priimek<\/li>\n<li>Ime podjetja, naslov podjetja, ID za DDV<\/li>\n<li>E-naslov<\/li>\n<li>Naslov<\/li>\n<li>Datum rojstva<\/li>\n<li>Telefonska \u0161tevilka<\/li>\n<\/ul>\n<h3>ZAKAJ UPORABLJAMO VA\u0160E PODATKE<\/h3>\n<ul>\n<li>Za po\u0161iljanje komercialnih ponudb (periodi\u010dna obvestila, najave programov ali blogov, potek Early Bird cen ipd.)<\/li>\n<li>Za po\u0161iljanje informacij o programih (lokacija in datum te\u010daja ipd.)<br \/>\nZ va\u0161o privolitvijo lahko upravljavec uporablja va\u0161e podatke za namene obve\u0161\u010danja o komercialnih ali operativnih zadevah.<\/li>\n<\/ul>\n<p>Upravljavec se zavezuje, da brez predhodnega obvestila in pridobitve pisne privolitve posameznika ne bo delil, oddajal ali prodajal va\u0161ih podatkov tretjim osebam.<\/p>\n<p>Za komercialne ali operativne namene upravljavec uporablja aplikacijo dvojne potrditve (double opt-in), kar pomeni, da e-po\u0161to po\u0161iljamo samo osebam, ki se izrecno strinjajo, da prejemajo e-po\u0161to s spletne strani. Z uporabo posebnega ra\u010dunalni\u0161kega sistema, ki je za\u0161\u010diten pred ne\u017eeleno po\u0161to in gesli, upravljavec zmanj\u0161uje tveganje zlorabe osebnih podatkov s strani tretjih oseb.<\/p>\n<h3>KAKO DOLGO HRANIMO VA\u0160E PODATKE<\/h3>\n<p>Va\u0161i podatki so shranjeni tako dolgo, kot to dolo\u010dajo zakoni, ki urejajo delovanje na\u0161ih storitev.<\/p>\n<ul>\n<li>GREAT Leadership Solutions (baza podatkov): Neomejeno ali do izbrisa (odjava)<\/li>\n<li>MailChimp (baza podatkov): Neomejeno ali do izbrisa (odjava)<\/li>\n<\/ul>\n<p>Vse zunanje baze podatkov imajo svoje sisteme hrambe podatkov.<br \/>\nZa ve\u010d informacij si oglejte politiko zasebnosti posameznih podjetij.<\/p>\n<h3>KAKO LAHKO UPRAVLJATE SVOJE OSEBNE PODATKE<\/h3>\n<p>Ko delite svoje podatke z bazo podatkov GREAT Leadership Solutions, jih lahko kadar koli izbri\u0161ete na naslednje na\u010dine:<\/p>\n<ul>\n<li>Vrsta podatkov: Komercialne ponudbe<br \/>\nVsako komercialno gradivo vsebuje gumb za odjavo na dnu sporo\u010dila. Z odjavo bodo va\u0161i podatki izbrisani iz na\u0161e baze podatkov.<\/li>\n<li>Vrsta podatkov: Informacije o te\u010daju (za uporabnike, ki so se udele\u017eili te\u010daja GREAT Leadership Solutions)<\/li>\n<\/ul>\n<p>Vedno se lahko obrnete na ekipo GREAT Leadership Solutions za odstranitev va\u0161ih podatkov iz nadzorne plo\u0161\u010de GREAT Leadership Solutions.<\/p>\n<p>Po\u0161ljite e-po\u0161to na na\u0161 uradni naslov: office@thegreatleadership.com z zahtevo: \u00bbProsimo, izbri\u0161ite in odstranite vse osebne podatke, povezane z mojim e-naslovom.\u00ab<\/p>\n<h3>SPREMLJANJE UPORABNIKOV NA SPLETNI STRANI<\/h3>\n<p>Ko brskate po spletni strani, ne da bi bili prijavljeni v katero koli spletno storitev, brskate anonimno. Med brskanjem upravljavec ne zbira va\u0161ih osebnih podatkov. Vendar spremlja, kako anonimni in prijavljeni uporabniki uporabljajo spletno stran. Eden od na\u010dinov sledenja je uporaba \u00bbpi\u0161kotkov\u00ab. Pi\u0161kotki so identifikatorji, zapisani na trdi disk va\u0161ega ra\u010dunalnika, da vas ob naslednjem obisku prepoznamo, ne da bi se morali prijaviti. Pi\u0161kotki ne morejo pridobivati podatkov z va\u0161ega trdega diska, prena\u0161ati virusov ali zbirati drugih osebnih podatkov.<\/p>\n<p>Spletna stran uporablja naslednje ponudnike pi\u0161kotkov:<\/p>\n<ul>\n<li>Google Analytics (pi\u0161kotki tretjih oseb)<\/li>\n<li>Facebook Pixel (pi\u0161kotki tretjih oseb)<\/li>\n<li>Google AdWords (pi\u0161kotki tretjih oseb)<\/li>\n<li>TikTok (zunanja baza podatkov)<\/li>\n<li>Instagram (zunanja baza podatkov)<\/li>\n<li>LinkedIn (pi\u0161kotki tretjih oseb)<\/li>\n<\/ul>\n<h3>VARNOSTNE FUNKCIJE SPLETNE STRANI<\/h3>\n<p>Upravljavec se zaveda pomembnosti varnosti, zato si prizadeva za\u0161\u010dititi va\u0161e osebne podatke. Neavtoriziran dostop, uporaba in razkritje so prepre\u010deni z razli\u010dnimi varnostnimi tehnologijami in postopki. Osebni podatki, vneseni na spletni strani, so shranjeni v ra\u010dunalni\u0161kih sistemih z omejenim dostopom v nadzorovanih prostorih.<\/p>\n<h3>POVEZAVE NA DRUGE SPLETNE STRANI<\/h3>\n<p>Druge spletne strani, do katerih lahko dostopate prek spletne strani (zunanje povezave), lahko vsebujejo dolo\u010dila o varstvu podatkov, ki se razlikujejo od dolo\u010dil te politike zasebnosti. Za za\u0161\u010dito va\u0161e zasebnosti priporo\u010damo, da si ogledate izjave o zasebnosti drugih spletnih strani, ki jih obi\u0161\u010dete prek spletne strani.<\/p>\n<h3>KAKO NAS LAHKO KONTAKTIRATE<\/h3>\n<p>GREAT Leadership Solutions d.o.o.<br \/>\nDunajska cesta 144<br \/>\nSI-1000 Ljubljana<br \/>\nSlovenija<br \/>\nDirektorja: Gregor Kosi, Lucija Sajevec Kontakt: office@thegreatleadership.com<\/p>\n<p>Odgovorili bomo v najkraj\u0161em mo\u017enem \u010dasu.<\/p>\n<p>&nbsp;<\/p>\n<p><a href=\"https:\/\/www.thegreatleadership.com\/sl\/privacy-policy\/\">Verzija v angle\u0161kem jeziku.<\/a><\/p>\n\n\t\t<\/div>\n\t<\/div>\n<\/div><\/div><\/div><div class=\"wpb_column vc_column_container vc_col-sm-4 vc_col-lg-4 vc_col-md-12 vc_col-xs-12\"><div class=\"vc_column-inner\"><div class=\"wpb_wrapper\"><\/div><\/div><\/div><\/div>\n<\/div>","protected":false},"excerpt":{"rendered":"Politika zasebnosti velja od trenutka objave na spletni strani.\u00a0 Zadnja posodobitev: september 2024 Verzija v angle\u0161kem jeziku. SPLO\u0160NO Podjetje GREAT Leadership Solutions d.o.o. (v nadaljevanju \u00bbupravljavec\u00ab), ki upravlja spletno stran http:\/\/www.thegreatleadership.com (v nadaljevanju \u00bbspletna stran\u00ab), se zaveda pomembnosti varovanja va\u0161ih osebnih podatkov in zasebnosti, zato vse informacije obravnava skrbno. Podro\u010dje varstva osebnih podatkov v Sloveniji [...]","protected":false},"author":2,"featured_media":8901,"parent":0,"menu_order":0,"comment_status":"closed","ping_status":"closed","template":"","meta":{"_acf_changed":false,"_uag_custom_page_level_css":"","footnotes":""},"class_list":["post-5768","page","type-page","status-publish","has-post-thumbnail","hentry"],"acf":[],"yoast_head":"<!-- This site is optimized with the Yoast SEO plugin v26.4 - https:\/\/yoast.com\/wordpress\/plugins\/seo\/ -->\n<title>Politika zasebnosti - GREAT Leadership Solutions<\/title>\n<meta name=\"robots\" content=\"index, follow, max-snippet:-1, max-image-preview:large, max-video-preview:-1\" \/>\n<link rel=\"canonical\" href=\"https:\/\/www.thegreatleadership.com\/sl\/politika-zasebnosti\/\" \/>\n<meta property=\"og:locale\" content=\"sl_SI\" \/>\n<meta property=\"og:type\" content=\"article\" \/>\n<meta property=\"og:title\" content=\"Politika zasebnosti - GREAT Leadership Solutions\" \/>\n<meta property=\"og:url\" content=\"https:\/\/www.thegreatleadership.com\/sl\/politika-zasebnosti\/\" \/>\n<meta property=\"og:site_name\" content=\"GREAT Leadership Solutions\" \/>\n<meta property=\"article:modified_time\" content=\"2024-09-25T14:04:54+00:00\" \/>\n<meta property=\"og:image\" content=\"https:\/\/www.thegreatleadership.com\/wp-content\/uploads\/2020\/11\/dots-shape.png\" \/>\n\t<meta property=\"og:image:width\" content=\"1370\" \/>\n\t<meta property=\"og:image:height\" content=\"241\" \/>\n\t<meta property=\"og:image:type\" content=\"image\/png\" \/>\n<meta name=\"twitter:card\" content=\"summary_large_image\" \/>\n<meta name=\"twitter:label1\" content=\"Est. reading time\" \/>\n\t<meta name=\"twitter:data1\" content=\"6 minut\" \/>\n<script type=\"application\/ld+json\" class=\"yoast-schema-graph\">{\"@context\":\"https:\/\/schema.org\",\"@graph\":[{\"@type\":\"WebPage\",\"@id\":\"https:\/\/www.thegreatleadership.com\/politika-zasebnosti\/\",\"url\":\"https:\/\/www.thegreatleadership.com\/politika-zasebnosti\/\",\"name\":\"Politika zasebnosti - GREAT Leadership Solutions\",\"isPartOf\":{\"@id\":\"https:\/\/www.thegreatleadership.com\/#website\"},\"primaryImageOfPage\":{\"@id\":\"https:\/\/www.thegreatleadership.com\/politika-zasebnosti\/#primaryimage\"},\"image\":{\"@id\":\"https:\/\/www.thegreatleadership.com\/politika-zasebnosti\/#primaryimage\"},\"thumbnailUrl\":\"https:\/\/www.thegreatleadership.com\/wp-content\/uploads\/2020\/11\/dots-shape.png\",\"datePublished\":\"2018-10-22T13:50:14+00:00\",\"dateModified\":\"2024-09-25T14:04:54+00:00\",\"breadcrumb\":{\"@id\":\"https:\/\/www.thegreatleadership.com\/politika-zasebnosti\/#breadcrumb\"},\"inLanguage\":\"sl-SI\",\"potentialAction\":[{\"@type\":\"ReadAction\",\"target\":[\"https:\/\/www.thegreatleadership.com\/politika-zasebnosti\/\"]}]},{\"@type\":\"ImageObject\",\"inLanguage\":\"sl-SI\",\"@id\":\"https:\/\/www.thegreatleadership.com\/politika-zasebnosti\/#primaryimage\",\"url\":\"https:\/\/www.thegreatleadership.com\/wp-content\/uploads\/2020\/11\/dots-shape.png\",\"contentUrl\":\"https:\/\/www.thegreatleadership.com\/wp-content\/uploads\/2020\/11\/dots-shape.png\",\"width\":1370,\"height\":241},{\"@type\":\"BreadcrumbList\",\"@id\":\"https:\/\/www.thegreatleadership.com\/politika-zasebnosti\/#breadcrumb\",\"itemListElement\":[{\"@type\":\"ListItem\",\"position\":1,\"name\":\"Home\",\"item\":\"https:\/\/www.thegreatleadership.com\/\"},{\"@type\":\"ListItem\",\"position\":2,\"name\":\"Politika zasebnosti\"}]},{\"@type\":\"WebSite\",\"@id\":\"https:\/\/www.thegreatleadership.com\/#website\",\"url\":\"https:\/\/www.thegreatleadership.com\/\",\"name\":\"GREAT Leadership Solutions\",\"description\":\"\",\"publisher\":{\"@id\":\"https:\/\/www.thegreatleadership.com\/#organization\"},\"potentialAction\":[{\"@type\":\"SearchAction\",\"target\":{\"@type\":\"EntryPoint\",\"urlTemplate\":\"https:\/\/www.thegreatleadership.com\/?s={search_term_string}\"},\"query-input\":{\"@type\":\"PropertyValueSpecification\",\"valueRequired\":true,\"valueName\":\"search_term_string\"}}],\"inLanguage\":\"sl-SI\"},{\"@type\":\"Organization\",\"@id\":\"https:\/\/www.thegreatleadership.com\/#organization\",\"name\":\"GREAT Leadership Solutions\",\"url\":\"https:\/\/www.thegreatleadership.com\/\",\"logo\":{\"@type\":\"ImageObject\",\"inLanguage\":\"sl-SI\",\"@id\":\"https:\/\/www.thegreatleadership.com\/#\/schema\/logo\/image\/\",\"url\":\"https:\/\/www.thegreatleadership.com\/wp-content\/uploads\/2024\/09\/logo-white.png\",\"contentUrl\":\"https:\/\/www.thegreatleadership.com\/wp-content\/uploads\/2024\/09\/logo-white.png\",\"width\":1830,\"height\":536,\"caption\":\"GREAT Leadership Solutions\"},\"image\":{\"@id\":\"https:\/\/www.thegreatleadership.com\/#\/schema\/logo\/image\/\"}}]}<\/script>\n<!-- \/ Yoast SEO plugin. -->","yoast_head_json":{"title":"Politika zasebnosti - GREAT Leadership Solutions","robots":{"index":"index","follow":"follow","max-snippet":"max-snippet:-1","max-image-preview":"max-image-preview:large","max-video-preview":"max-video-preview:-1"},"canonical":"https:\/\/www.thegreatleadership.com\/sl\/politika-zasebnosti\/","og_locale":"sl_SI","og_type":"article","og_title":"Politika zasebnosti - GREAT Leadership Solutions","og_url":"https:\/\/www.thegreatleadership.com\/sl\/politika-zasebnosti\/","og_site_name":"GREAT Leadership Solutions","article_modified_time":"2024-09-25T14:04:54+00:00","og_image":[{"width":1370,"height":241,"url":"https:\/\/www.thegreatleadership.com\/wp-content\/uploads\/2020\/11\/dots-shape.png","type":"image\/png"}],"twitter_card":"summary_large_image","twitter_misc":{"Est. reading time":"6 minut"},"schema":{"@context":"https:\/\/schema.org","@graph":[{"@type":"WebPage","@id":"https:\/\/www.thegreatleadership.com\/politika-zasebnosti\/","url":"https:\/\/www.thegreatleadership.com\/politika-zasebnosti\/","name":"Politika zasebnosti - GREAT Leadership Solutions","isPartOf":{"@id":"https:\/\/www.thegreatleadership.com\/#website"},"primaryImageOfPage":{"@id":"https:\/\/www.thegreatleadership.com\/politika-zasebnosti\/#primaryimage"},"image":{"@id":"https:\/\/www.thegreatleadership.com\/politika-zasebnosti\/#primaryimage"},"thumbnailUrl":"https:\/\/www.thegreatleadership.com\/wp-content\/uploads\/2020\/11\/dots-shape.png","datePublished":"2018-10-22T13:50:14+00:00","dateModified":"2024-09-25T14:04:54+00:00","breadcrumb":{"@id":"https:\/\/www.thegreatleadership.com\/politika-zasebnosti\/#breadcrumb"},"inLanguage":"sl-SI","potentialAction":[{"@type":"ReadAction","target":["https:\/\/www.thegreatleadership.com\/politika-zasebnosti\/"]}]},{"@type":"ImageObject","inLanguage":"sl-SI","@id":"https:\/\/www.thegreatleadership.com\/politika-zasebnosti\/#primaryimage","url":"https:\/\/www.thegreatleadership.com\/wp-content\/uploads\/2020\/11\/dots-shape.png","contentUrl":"https:\/\/www.thegreatleadership.com\/wp-content\/uploads\/2020\/11\/dots-shape.png","width":1370,"height":241},{"@type":"BreadcrumbList","@id":"https:\/\/www.thegreatleadership.com\/politika-zasebnosti\/#breadcrumb","itemListElement":[{"@type":"ListItem","position":1,"name":"Home","item":"https:\/\/www.thegreatleadership.com\/"},{"@type":"ListItem","position":2,"name":"Politika zasebnosti"}]},{"@type":"WebSite","@id":"https:\/\/www.thegreatleadership.com\/#website","url":"https:\/\/www.thegreatleadership.com\/","name":"GREAT Leadership Solutions","description":"","publisher":{"@id":"https:\/\/www.thegreatleadership.com\/#organization"},"potentialAction":[{"@type":"SearchAction","target":{"@type":"EntryPoint","urlTemplate":"https:\/\/www.thegreatleadership.com\/?s={search_term_string}"},"query-input":{"@type":"PropertyValueSpecification","valueRequired":true,"valueName":"search_term_string"}}],"inLanguage":"sl-SI"},{"@type":"Organization","@id":"https:\/\/www.thegreatleadership.com\/#organization","name":"GREAT Leadership Solutions","url":"https:\/\/www.thegreatleadership.com\/","logo":{"@type":"ImageObject","inLanguage":"sl-SI","@id":"https:\/\/www.thegreatleadership.com\/#\/schema\/logo\/image\/","url":"https:\/\/www.thegreatleadership.com\/wp-content\/uploads\/2024\/09\/logo-white.png","contentUrl":"https:\/\/www.thegreatleadership.com\/wp-content\/uploads\/2024\/09\/logo-white.png","width":1830,"height":536,"caption":"GREAT Leadership Solutions"},"image":{"@id":"https:\/\/www.thegreatleadership.com\/#\/schema\/logo\/image\/"}}]}},"uagb_featured_image_src":{"full":["https:\/\/www.thegreatleadership.com\/wp-content\/uploads\/2020\/11\/dots-shape.png",1370,241,false],"thumbnail":["https:\/\/www.thegreatleadership.com\/wp-content\/uploads\/2020\/11\/dots-shape.png",150,26,false],"medium":["https:\/\/www.thegreatleadership.com\/wp-content\/uploads\/2020\/11\/dots-shape.png",300,53,false],"medium_large":["https:\/\/www.thegreatleadership.com\/wp-content\/uploads\/2020\/11\/dots-shape.png",768,135,false],"large":["https:\/\/www.thegreatleadership.com\/wp-content\/uploads\/2020\/11\/dots-shape.png",800,141,false],"1536x1536":["https:\/\/www.thegreatleadership.com\/wp-content\/uploads\/2020\/11\/dots-shape.png",1370,241,false],"2048x2048":["https:\/\/www.thegreatleadership.com\/wp-content\/uploads\/2020\/11\/dots-shape.png",1370,241,false],"trp-custom-language-flag":["https:\/\/www.thegreatleadership.com\/wp-content\/uploads\/2020\/11\/dots-shape.png",18,3,false],"woocommerce_thumbnail":["https:\/\/www.thegreatleadership.com\/wp-content\/uploads\/2020\/11\/dots-shape-300x241.webp",300,241,true],"woocommerce_single":["https:\/\/www.thegreatleadership.com\/wp-content\/uploads\/2020\/11\/dots-shape-600x106.png",600,106,true],"woocommerce_gallery_thumbnail":["https:\/\/www.thegreatleadership.com\/wp-content\/uploads\/2020\/11\/dots-shape-100x100.png",100,100,true]},"uagb_author_info":{"display_name":"Lucija Sajevec","author_link":"https:\/\/www.thegreatleadership.com\/sl\/author\/lucija\/"},"uagb_comment_info":0,"uagb_excerpt":null,"_links":{"self":[{"href":"https:\/\/www.thegreatleadership.com\/sl\/wp-json\/wp\/v2\/pages\/5768","targetHints":{"allow":["GET"]}}],"collection":[{"href":"https:\/\/www.thegreatleadership.com\/sl\/wp-json\/wp\/v2\/pages"}],"about":[{"href":"https:\/\/www.thegreatleadership.com\/sl\/wp-json\/wp\/v2\/types\/page"}],"author":[{"embeddable":true,"href":"https:\/\/www.thegreatleadership.com\/sl\/wp-json\/wp\/v2\/users\/2"}],"replies":[{"embeddable":true,"href":"https:\/\/www.thegreatleadership.com\/sl\/wp-json\/wp\/v2\/comments?post=5768"}],"version-history":[{"count":7,"href":"https:\/\/www.thegreatleadership.com\/sl\/wp-json\/wp\/v2\/pages\/5768\/revisions"}],"predecessor-version":[{"id":9723,"href":"https:\/\/www.thegreatleadership.com\/sl\/wp-json\/wp\/v2\/pages\/5768\/revisions\/9723"}],"wp:featuredmedia":[{"embeddable":true,"href":"https:\/\/www.thegreatleadership.com\/sl\/wp-json\/wp\/v2\/media\/8901"}],"wp:attachment":[{"href":"https:\/\/www.thegreatleadership.com\/sl\/wp-json\/wp\/v2\/media?parent=5768"}],"curies":[{"name":"wp","href":"https:\/\/api.w.org\/{rel}","templated":true}]}}