{"id":9729,"date":"2024-09-25T16:23:47","date_gmt":"2024-09-25T14:23:47","guid":{"rendered":"https:\/\/www.thegreatleadership.com\/?page_id=9729"},"modified":"2024-11-20T15:23:52","modified_gmt":"2024-11-20T14:23:52","slug":"pogoji-poslovanja","status":"publish","type":"page","link":"https:\/\/www.thegreatleadership.com\/sl\/pogoji-poslovanja\/","title":{"rendered":"Pogoji poslovanja"},"content":{"rendered":"<div class=\"wpb-content-wrapper\"><div class=\"vc_row wpb_row vc_row-fluid vc_custom_1605811779090\"><div class=\"wpb_column vc_column_container vc_col-sm-8 vc_col-lg-8 vc_col-md-12 vc_col-xs-12\"><div class=\"vc_column-inner vc_custom_1607016951846\"><div class=\"wpb_wrapper\"><div class=\"vc_row wpb_row vc_inner vc_row-fluid\"><div class=\"wpb_column vc_column_container vc_col-sm-12 vc_hidden-lg\"><div class=\"vc_column-inner\"><div class=\"wpb_wrapper\"><\/div><\/div><\/div><\/div>\n\t<div class=\"wpb_text_column wpb_content_element\" >\n\t\t<div class=\"wpb_wrapper\">\n\t\t\t<p>Splo\u0161ni pogoji poslovanja (v nadaljevanju: Splo\u0161ni pogoji) za spletno mesto http:\/\/www.thegreatleadership.com so sestavljeni v skladu z Zakonom o varstvu potro\u0161nikov (ZVPot-UPB2) in temeljijo na priporo\u010dilih Gospodarske zbornice Slovenije (GZS) ter mednarodnih kodeksov za elektronsko poslovanje.<\/p>\n<p><strong>Pojasnilo<\/strong>:<\/p>\n<p>Splo\u0161ni pogoji dolo\u010dajo pravila za organizatorja in udele\u017eenca. Vsakdo, ki se prijavi na program, se mora strinjati s temi Splo\u0161nimi pogoji.<\/p>\n<p><strong>Splo\u0161ni pogoji sodelovanja v programih TheGreatLeadership<\/strong><\/p>\n<h3>1. Splo\u0161ne dolo\u010dbe<\/h3>\n<p>TheGreatLeadership je blagovna znamka, ki organizira in izvaja programe za vodstvene kadre (v nadaljevanju: programi). Blagovna znamka se vodi preko podjetja GREAT Leadership Solutions d.o.o., Dunajska cesta 144, 1000 Ljubljana, Slovenija, Identifikacijska \u0161tevilka: SI58967630, Mati\u010dna \u0161tevilka: 9682520000 (v nadaljevanju: Organizator).<\/p>\n<p>Udele\u017eenci programa (v nadaljevanju: Udele\u017eenci) so fizi\u010dne ali pravne osebe, ki so se prijavile na program in sprejele Splo\u0161ne pogoje sodelovanja v programu.<\/p>\n<h3>2. Postopek in pogoji<\/h3>\n<p>TheGreatLeadership programu so odprti za vse, ki se prijavijo na program preko prijavnega obrazca in sprejmejo pravila in pogoje sodelovanja. Prijave je treba oddati do roka za prijavo in morajo vsebovati vse zahtevane podatke. Vse informacije morajo biti to\u010dne.<\/p>\n<p>Organizator si pridr\u017euje pravico omejiti \u0161tevilo udele\u017eencev na posameznem programu, zaradi zmo\u017enosti kvalitetne izvedbe. Razlago in pojasnila dolo\u010db in pravil poda organizator, njegove odlo\u010ditve so dokon\u010dne in se zoper njih ni prito\u017ebe.<\/p>\n<p>Udele\u017eenci morajo pla\u010dati prijavnino v celoti pred rokom za registracijo, razen \u010de se z organizatorjem dogovorijo druga\u010de (v primeru obro\u010dnega pla\u010devanja ali drugih dogovorov).<\/p>\n<p>\u010ce udele\u017eenec odpove prijavo manj kot 7 dni pred rokom, je organizator dol\u017ean vrniti le 50 % celotne pristojbine. Zadnji dan roka za prijavo na program organizator ni dol\u017ean vrniti pristojbine udele\u017eencu.<\/p>\n<p>Udele\u017eenec, ki se registrira prek spleta, lahko organizatorja o svojem namenu preklica prijave obvesti v roku 14 dni od datuma registracije (velja le, \u010de je do za\u010detka programa ve\u010d kot 7 dni), v skladu s 43. \u010dlenom Zakona o varstvu potro\u0161nikov. Stro\u0161kov za preklic ni.<\/p>\n<p>V primeru bolezni organizator udele\u017eencu vrne sorazmerni del pristojbine do dneva pisnega odstopa.<\/p>\n<p>V vseh drugih primerih neobiskovanja programa (pomanjkanje \u010dasa, dopust ipd.) udele\u017eencu ne pripada povra\u010dilo.<\/p>\n<p>Pla\u010dano prijavnino na program udele\u017eenca ni mogo\u010de \u00bbprenesti\u00ab na drug program.<\/p>\n<p><span style=\"font-weight: 400;\">Vse cene so brez davka (DDV se dodatno obra\u010duna na ceno).<\/span><\/p>\n<p>Morebitni popust se obra\u010duna po vnosu promocijske kode v polje, ki je na voljo v prijavnem obrazcu. Popusti se ne se\u0161tevajo in niso kumulativni. Pridr\u017eujemo si pravico do napak v objavljenih popustih. V primeru objave napa\u010dnega popusta ali spremembe zneska popusta med postopkom prijave si organizator pridr\u017euje pravico do preklica popusta v celoti.<\/p>\n<h3>3. Obve\u0161\u010danje o lokaciji<\/h3>\n<p>TheGreat Leadership programu potekajo v \u017eivo ali online. V primeru, da se program izvede v \u017eivo bo organizator udele\u017eence o to\u010dni lokaciji programa obvestil 5 (pet) dni pred za\u010detkom programa.<\/p>\n<h3>4. Obveznosti udele\u017eencev<\/h3>\n<p>Udele\u017eenec se mora:<\/p>\n<ul>\n<li>aktivno udele\u017eevati programa,<\/li>\n<li>udele\u017eiti vseh dejavnosti v okviru delavnice,<\/li>\n<li>skrbeti za nemoteno delo in izvedbo delavnic,<\/li>\n<li>ravnati s premo\u017eenjem, tehni\u010dnimi pripomo\u010dki in drugo opremo skrbno in odgovorno. V primeru \u0161kode je udele\u017eenec dol\u017ean povrniti \u0161kodo.<\/li>\n<li>vzdr\u017eati kakr\u0161nega koli dejanja, ki bi \u0161kodovalo ugledu organizatorja.<\/li>\n<\/ul>\n<h3>5. Obveznosti organizatorja<\/h3>\n<p>Organizator bo:<\/p>\n<ul>\n<li>izvedel vse aktivnosti programa TheGreatLeadership,<\/li>\n<li>zagotovil kakovost programa,<\/li>\n<li>zagotovil vsa potrebna sredstva za izvedbo,<\/li>\n<li>zagotovil varstvo podatkov.<\/li>\n<\/ul>\n<p>Med izvajanjem delavnice organizator obdeluje osebne podatke udele\u017eencev, ki jih ti sami posredujejo. Organizator varuje in obdeluje vse osebne podatke v skladu s predpisi o varstvu osebnih podatkov. Organizator si pridr\u017euje pravico do nadzora nad ravnanjem in dejavnostmi udele\u017eencev ter priprave \u010dlankov o njihovem uspehu v programu. Organizator ne bo javno objavljal podatkov ali informacij, ki so poslovna skrivnost.<\/p>\n<h3>6. Izvensodno re\u0161evanje potro\u0161ni\u0161kih sporov<\/h3>\n<p>V skladu z zakonskimi predpisi ne priznavamo nobenega izvajalca izvensodnega re\u0161evanja potro\u0161ni\u0161kih sporov za spore, ki bi jih potro\u0161nik lahko spro\u017eil po Zakonu o izvensodnem re\u0161evanju potro\u0161ni\u0161kih sporov. TheGreatLeadership na svoji spletni strani objavi elektronsko povezavo do platforme za spletno re\u0161evanje potro\u0161ni\u0161kih sporov (SRPS). Platforma je potro\u0161nikom na voljo na povezavi TUKAJ.<\/p>\n<p>Ta ureditev temelji na Zakonu o izvensodnem re\u0161evanju potro\u0161ni\u0161kih sporov, Uredbi (EU) \u0161t. 524\/2013 Evropskega parlamenta in Sveta o spletnem re\u0161evanju potro\u0161ni\u0161kih sporov in spremembi Uredbe (ES) \u0161t. 2016\/2004 in Direktive 2009\/22\/ES ter v primeru pravnega re\u0161evanja sporov je pristojno sodi\u0161\u010de sodi\u0161\u010de po stalnem prebivali\u0161\u010du potro\u0161nika.<\/p>\n<h3>7. Podatki o ponudniku<\/h3>\n<p>Upravljavec spletnega mesta smartninja.si in ponudnik storitev je dru\u017eba<br \/>\nGREAT Leadership Solutions d.o.o.<br \/>\nMati\u010dna \u0161tevilka: 9682520000<br \/>\n\u0160tevilka za DDV: SI58967630<br \/>\nBan\u010dni ra\u010dun: SI56 0284 3026 5934 895 (NLB d.d.)<br \/>\nKontakt: office@thegreatleadership.com<br \/>\nUstanovitev dru\u017ebe: 10. 6. 2024<\/p>\n<h3>8. Varstvo avtorskih pravic<\/h3>\n<p>Zakon o avtorskih in sorodnih pravicah (ZASP-NPB11)<\/p>\n<p>Ta spletna stran je v izklju\u010dni lasti podjetja GREAT Leadership Solutions d.o.o. Posledi\u010dno je vsaka zloraba podatkov, fotografij, besedil in drugih informacij, ki so del te spletne strani, prepovedana. Kopiranje, distribucija ali kakr\u0161nakoli druga uporaba vseh predhodno omenjenih informacij brez predhodnega znanja in dovoljenja podjetja GREAT Leadership Solutions d.o.o. je prepovedana.<\/p>\n<h3>9. Cene<\/h3>\n<p><span style=\"font-weight: 400;\">Vse cene na spletni strani so navedene v evrih (EUR) in <\/span><span style=\"font-weight: 400;\">so brez davka (DDV se dodatno obra\u010duna na ceno)<\/span><span style=\"font-weight: 400;\">. <\/span>Ponudnik lahko spremeni ceno artikla v ponudbi brez predhodnega obvestila. Ponudnik prodaja programe za pla\u010dilo; \u010de je program po pomoti naveden kot brezpla\u010den, ponudnik uporabniku ni dol\u017ean tega programa brezpla\u010dno ponuditi.<\/p>\n<h3>10. Postopek nakupa<\/h3>\n<p>10.1. \u010ce je bilo naro\u010dilo uspe\u0161no oddano, se na spletni strani prika\u017ee tekst, kot potrditev prijave. Poleg tega boste na e-po\u0161tni naslov, ki ste ga vnesli ob registraciji, prejeli e-po\u0161tno sporo\u010dilo s podrobnostmi.<\/p>\n<p>10.2. Potrditev naro\u010dila<br \/>\nPo oddaji naro\u010dila boste na e-po\u0161tni naslov, ki ste ga navedli ob prijavi, prejeli e-po\u0161tno sporo\u010dilo s podrobnostmi. V tem e-po\u0161tnem sporo\u010dilu boste obve\u0161\u010deni tudi o mo\u017enosti, da nam za vpra\u0161anja pi\u0161ete na office@thegreatleadership.com.<\/p>\n<h3>11. Pla\u010dilni pogoji<\/h3>\n<p>11.1. Cena za izbrani program velja na dan nakupa, to je na dan sklenitve in oddaje naro\u010dila prek spletne trgovine. <span style=\"font-weight: 400;\">Vse cene so navedene v evrih (EUR) in <\/span><span style=\"font-weight: 400;\">so brez davka (DDV se dodatno obra\u010duna na ceno)<\/span><span style=\"font-weight: 400;\">.<\/span><\/p>\n<p>11.2. Ponudnik omogo\u010da naslednje na\u010dine pla\u010dila:<\/p>\n<ul>\n<li>Visa\/Mastercard\/Maestro<\/li>\n<li>PayPal<\/li>\n<li>Stripe<\/li>\n<li>Ban\u010dno nakazilo<\/li>\n<\/ul>\n<h3>12. Prito\u017ebe in informacije<\/h3>\n<p>V primeru prito\u017ebe ali zahtevka za dodatne informacije glede programov TheGreatLeadership pri\u010dakujemo va\u0161e sporo\u010dilo na e-naslov :<\/p>\n<p>office@thegreatleadership.com ali na naslov:<br \/>\nGREAT Leadership Solutions d.o.o.<br \/>\nDunajska cesta 144<br \/>\n1000 Ljubljana<\/p>\n<h3>13. Odstop od pogodbe in vra\u010dilo<\/h3>\n<p>Pravica potro\u0161nika do odstopa od pogodbe<\/p>\n<p>Pri pogodbah, sklenjenih na daljavo, ima potro\u0161nik pravico, da podjetje v 14 dneh po e-po\u0161ti (office@thegreatleadership.com) ali po kateremkoli drugem komunikacijskem kanalu obvesti, da odstopa od pogodbe, ne da bi navedel razloga za svojo odlo\u010ditev. <span style=\"font-weight: 400;\">To lahko stori ob izpolnjevanju pogoja, da je posameznik pred odstopom opravil vsaj polovico sre\u010danj.<\/span><\/p>\n<p>Kupnina se povrne potro\u0161niku na isto pla\u010dilno sredstvo.<\/p>\n<h3>14. Kon\u010dne dolo\u010dbe<\/h3>\n<p>\u010ce ponudnik meni, da uporabnik kr\u0161i veljavno zakonodajo ali \u0161koduje interesom spletnih mest, ki jih upravlja ponudnik ali njegova povezana ali odvisna podjetja, lahko ponudnik kadarkoli in brez predhodnega opozorila prekli\u010de, spremeni, za\u010dasno ali trajno ustavi ali prekine uporabnikovo naro\u010dilo ali \u010dlanstvo, vklju\u010dno z dostopom do vsebine na spletni strani za konkretnega uporabnika.<\/p>\n<p>V primeru kr\u0161itve teh pravil bo organizator udele\u017eenca opozoril in postavil rok za prenehanje ali odpravo kr\u0161itev. \u010ce udele\u017eenec nadaljuje s kr\u0161itvami, ga lahko organizator izklju\u010di iz programa.<\/p>\n<p>S prijavo na program udele\u017eenci potrdijo, da so seznanjeni s temi pravili in ne bodo imeli nobenih zahtevkov do organizatorja.<\/p>\n<p>Splo\u0161ni pogoji sodelovanja v programu veljajo od 20.9.2024. Organizator lahko spremeni pogoje in pravila ter se zavezuje, da bo v takem primeru o tem ustrezno obvestil udele\u017eence.<\/p>\n<p>GREAT Leadership Solutions d.o.o.<\/p>\n<p><a href=\"https:\/\/www.thegreatleadership.com\/sl\/terms-and-conditions\/\">Version in English<\/a>.<\/p>\n\n\t\t<\/div>\n\t<\/div>\n<\/div><\/div><\/div><div class=\"wpb_column vc_column_container vc_col-sm-4 vc_col-lg-4 vc_col-md-12 vc_col-xs-12\"><div class=\"vc_column-inner\"><div class=\"wpb_wrapper\"><\/div><\/div><\/div><\/div>\n<\/div>","protected":false},"excerpt":{"rendered":"Splo\u0161ni pogoji poslovanja (v nadaljevanju: Splo\u0161ni pogoji) za spletno mesto http:\/\/www.thegreatleadership.com so sestavljeni v skladu z Zakonom o varstvu potro\u0161nikov (ZVPot-UPB2) in temeljijo na priporo\u010dilih Gospodarske zbornice Slovenije (GZS) ter mednarodnih kodeksov za elektronsko poslovanje. Pojasnilo: Splo\u0161ni pogoji dolo\u010dajo pravila za organizatorja in udele\u017eenca. Vsakdo, ki se prijavi na program, se mora strinjati s temi [...]","protected":false},"author":2,"featured_media":0,"parent":0,"menu_order":0,"comment_status":"closed","ping_status":"closed","template":"","meta":{"_acf_changed":false,"_uag_custom_page_level_css":"","footnotes":""},"class_list":["post-9729","page","type-page","status-publish","hentry"],"acf":[],"yoast_head":"<!-- This site is optimized with the Yoast SEO plugin v26.4 - https:\/\/yoast.com\/wordpress\/plugins\/seo\/ -->\n<title>Pogoji poslovanja - GREAT Leadership Solutions<\/title>\n<meta name=\"robots\" content=\"index, follow, max-snippet:-1, max-image-preview:large, max-video-preview:-1\" \/>\n<link rel=\"canonical\" href=\"https:\/\/www.thegreatleadership.com\/sl\/pogoji-poslovanja\/\" \/>\n<meta property=\"og:locale\" content=\"sl_SI\" \/>\n<meta property=\"og:type\" content=\"article\" \/>\n<meta property=\"og:title\" content=\"Pogoji poslovanja - GREAT Leadership Solutions\" \/>\n<meta property=\"og:url\" content=\"https:\/\/www.thegreatleadership.com\/sl\/pogoji-poslovanja\/\" \/>\n<meta property=\"og:site_name\" content=\"GREAT Leadership Solutions\" \/>\n<meta property=\"article:modified_time\" content=\"2024-11-20T14:23:52+00:00\" \/>\n<meta name=\"twitter:card\" content=\"summary_large_image\" \/>\n<meta name=\"twitter:label1\" content=\"Est. reading time\" \/>\n\t<meta name=\"twitter:data1\" content=\"7 minut\" \/>\n<script type=\"application\/ld+json\" class=\"yoast-schema-graph\">{\"@context\":\"https:\/\/schema.org\",\"@graph\":[{\"@type\":\"WebPage\",\"@id\":\"https:\/\/www.thegreatleadership.com\/pogoji-poslovanja\/\",\"url\":\"https:\/\/www.thegreatleadership.com\/pogoji-poslovanja\/\",\"name\":\"Pogoji poslovanja - GREAT Leadership Solutions\",\"isPartOf\":{\"@id\":\"https:\/\/www.thegreatleadership.com\/#website\"},\"datePublished\":\"2024-09-25T14:23:47+00:00\",\"dateModified\":\"2024-11-20T14:23:52+00:00\",\"breadcrumb\":{\"@id\":\"https:\/\/www.thegreatleadership.com\/pogoji-poslovanja\/#breadcrumb\"},\"inLanguage\":\"sl-SI\",\"potentialAction\":[{\"@type\":\"ReadAction\",\"target\":[\"https:\/\/www.thegreatleadership.com\/pogoji-poslovanja\/\"]}]},{\"@type\":\"BreadcrumbList\",\"@id\":\"https:\/\/www.thegreatleadership.com\/pogoji-poslovanja\/#breadcrumb\",\"itemListElement\":[{\"@type\":\"ListItem\",\"position\":1,\"name\":\"Home\",\"item\":\"https:\/\/www.thegreatleadership.com\/\"},{\"@type\":\"ListItem\",\"position\":2,\"name\":\"Pogoji poslovanja\"}]},{\"@type\":\"WebSite\",\"@id\":\"https:\/\/www.thegreatleadership.com\/#website\",\"url\":\"https:\/\/www.thegreatleadership.com\/\",\"name\":\"GREAT Leadership Solutions\",\"description\":\"\",\"publisher\":{\"@id\":\"https:\/\/www.thegreatleadership.com\/#organization\"},\"potentialAction\":[{\"@type\":\"SearchAction\",\"target\":{\"@type\":\"EntryPoint\",\"urlTemplate\":\"https:\/\/www.thegreatleadership.com\/?s={search_term_string}\"},\"query-input\":{\"@type\":\"PropertyValueSpecification\",\"valueRequired\":true,\"valueName\":\"search_term_string\"}}],\"inLanguage\":\"sl-SI\"},{\"@type\":\"Organization\",\"@id\":\"https:\/\/www.thegreatleadership.com\/#organization\",\"name\":\"GREAT Leadership Solutions\",\"url\":\"https:\/\/www.thegreatleadership.com\/\",\"logo\":{\"@type\":\"ImageObject\",\"inLanguage\":\"sl-SI\",\"@id\":\"https:\/\/www.thegreatleadership.com\/#\/schema\/logo\/image\/\",\"url\":\"https:\/\/www.thegreatleadership.com\/wp-content\/uploads\/2024\/09\/logo-white.png\",\"contentUrl\":\"https:\/\/www.thegreatleadership.com\/wp-content\/uploads\/2024\/09\/logo-white.png\",\"width\":1830,\"height\":536,\"caption\":\"GREAT Leadership Solutions\"},\"image\":{\"@id\":\"https:\/\/www.thegreatleadership.com\/#\/schema\/logo\/image\/\"}}]}<\/script>\n<!-- \/ Yoast SEO plugin. -->","yoast_head_json":{"title":"Pogoji poslovanja - GREAT Leadership Solutions","robots":{"index":"index","follow":"follow","max-snippet":"max-snippet:-1","max-image-preview":"max-image-preview:large","max-video-preview":"max-video-preview:-1"},"canonical":"https:\/\/www.thegreatleadership.com\/sl\/pogoji-poslovanja\/","og_locale":"sl_SI","og_type":"article","og_title":"Pogoji poslovanja - GREAT Leadership Solutions","og_url":"https:\/\/www.thegreatleadership.com\/sl\/pogoji-poslovanja\/","og_site_name":"GREAT Leadership Solutions","article_modified_time":"2024-11-20T14:23:52+00:00","twitter_card":"summary_large_image","twitter_misc":{"Est. reading time":"7 minut"},"schema":{"@context":"https:\/\/schema.org","@graph":[{"@type":"WebPage","@id":"https:\/\/www.thegreatleadership.com\/pogoji-poslovanja\/","url":"https:\/\/www.thegreatleadership.com\/pogoji-poslovanja\/","name":"Pogoji poslovanja - GREAT Leadership Solutions","isPartOf":{"@id":"https:\/\/www.thegreatleadership.com\/#website"},"datePublished":"2024-09-25T14:23:47+00:00","dateModified":"2024-11-20T14:23:52+00:00","breadcrumb":{"@id":"https:\/\/www.thegreatleadership.com\/pogoji-poslovanja\/#breadcrumb"},"inLanguage":"sl-SI","potentialAction":[{"@type":"ReadAction","target":["https:\/\/www.thegreatleadership.com\/pogoji-poslovanja\/"]}]},{"@type":"BreadcrumbList","@id":"https:\/\/www.thegreatleadership.com\/pogoji-poslovanja\/#breadcrumb","itemListElement":[{"@type":"ListItem","position":1,"name":"Home","item":"https:\/\/www.thegreatleadership.com\/"},{"@type":"ListItem","position":2,"name":"Pogoji poslovanja"}]},{"@type":"WebSite","@id":"https:\/\/www.thegreatleadership.com\/#website","url":"https:\/\/www.thegreatleadership.com\/","name":"GREAT Leadership Solutions","description":"","publisher":{"@id":"https:\/\/www.thegreatleadership.com\/#organization"},"potentialAction":[{"@type":"SearchAction","target":{"@type":"EntryPoint","urlTemplate":"https:\/\/www.thegreatleadership.com\/?s={search_term_string}"},"query-input":{"@type":"PropertyValueSpecification","valueRequired":true,"valueName":"search_term_string"}}],"inLanguage":"sl-SI"},{"@type":"Organization","@id":"https:\/\/www.thegreatleadership.com\/#organization","name":"GREAT Leadership Solutions","url":"https:\/\/www.thegreatleadership.com\/","logo":{"@type":"ImageObject","inLanguage":"sl-SI","@id":"https:\/\/www.thegreatleadership.com\/#\/schema\/logo\/image\/","url":"https:\/\/www.thegreatleadership.com\/wp-content\/uploads\/2024\/09\/logo-white.png","contentUrl":"https:\/\/www.thegreatleadership.com\/wp-content\/uploads\/2024\/09\/logo-white.png","width":1830,"height":536,"caption":"GREAT Leadership Solutions"},"image":{"@id":"https:\/\/www.thegreatleadership.com\/#\/schema\/logo\/image\/"}}]}},"uagb_featured_image_src":{"full":false,"thumbnail":false,"medium":false,"medium_large":false,"large":false,"1536x1536":false,"2048x2048":false,"trp-custom-language-flag":false,"woocommerce_thumbnail":false,"woocommerce_single":false,"woocommerce_gallery_thumbnail":false},"uagb_author_info":{"display_name":"Lucija Sajevec","author_link":"https:\/\/www.thegreatleadership.com\/sl\/author\/lucija\/"},"uagb_comment_info":0,"uagb_excerpt":null,"_links":{"self":[{"href":"https:\/\/www.thegreatleadership.com\/sl\/wp-json\/wp\/v2\/pages\/9729","targetHints":{"allow":["GET"]}}],"collection":[{"href":"https:\/\/www.thegreatleadership.com\/sl\/wp-json\/wp\/v2\/pages"}],"about":[{"href":"https:\/\/www.thegreatleadership.com\/sl\/wp-json\/wp\/v2\/types\/page"}],"author":[{"embeddable":true,"href":"https:\/\/www.thegreatleadership.com\/sl\/wp-json\/wp\/v2\/users\/2"}],"replies":[{"embeddable":true,"href":"https:\/\/www.thegreatleadership.com\/sl\/wp-json\/wp\/v2\/comments?post=9729"}],"version-history":[{"count":3,"href":"https:\/\/www.thegreatleadership.com\/sl\/wp-json\/wp\/v2\/pages\/9729\/revisions"}],"predecessor-version":[{"id":9799,"href":"https:\/\/www.thegreatleadership.com\/sl\/wp-json\/wp\/v2\/pages\/9729\/revisions\/9799"}],"wp:attachment":[{"href":"https:\/\/www.thegreatleadership.com\/sl\/wp-json\/wp\/v2\/media?parent=9729"}],"curies":[{"name":"wp","href":"https:\/\/api.w.org\/{rel}","templated":true}]}}