{"id":9922,"date":"2025-02-15T09:16:32","date_gmt":"2025-02-15T08:16:32","guid":{"rendered":"https:\/\/www.thegreatleadership.com\/kosarica\/"},"modified":"2026-02-11T15:51:08","modified_gmt":"2026-02-11T14:51:08","slug":"kosarica","status":"publish","type":"page","link":"https:\/\/www.thegreatleadership.com\/sl\/kosarica\/","title":{"rendered":"Ko\u0161arica"},"content":{"rendered":"<div data-block-name=\"woocommerce\/cart\" class=\"wp-block-woocommerce-cart alignwide is-loading\">\n<div data-block-name=\"woocommerce\/filled-cart-block\" class=\"wp-block-woocommerce-filled-cart-block\">\n<div data-block-name=\"woocommerce\/cart-items-block\" class=\"wp-block-woocommerce-cart-items-block\">\n<div data-block-name=\"woocommerce\/cart-line-items-block\" class=\"wp-block-woocommerce-cart-line-items-block\"><\/div>\n\n\n\n<div data-block-name=\"woocommerce\/cart-cross-sells-block\" class=\"wp-block-woocommerce-cart-cross-sells-block\">\n<h2 class=\"wp-block-heading has-large-font-size\">Mogo\u010de bi vas zanimalo &#8230;<\/h2>\n\n\n\n<div data-block-name=\"woocommerce\/cart-cross-sells-products-block\" class=\"wp-block-woocommerce-cart-cross-sells-products-block\"><\/div>\n<\/div>\n<\/div>\n\n\n\n<div data-block-name=\"woocommerce\/cart-totals-block\" class=\"wp-block-woocommerce-cart-totals-block\">\n<div data-block-name=\"woocommerce\/cart-order-summary-block\" class=\"wp-block-woocommerce-cart-order-summary-block\">\n<div data-block-name=\"woocommerce\/cart-order-summary-heading-block\" class=\"wp-block-woocommerce-cart-order-summary-heading-block\"><\/div><div data-block-name=\"woocommerce\/cart-order-summary-coupon-form-block\" class=\"wp-block-woocommerce-cart-order-summary-coupon-form-block\"><\/div><div data-block-name=\"woocommerce\/cart-order-summary-totals-block\" class=\"wp-block-woocommerce-cart-order-summary-totals-block\">\n<div data-block-name=\"woocommerce\/cart-order-summary-subtotal-block\" class=\"wp-block-woocommerce-cart-order-summary-subtotal-block\"><\/div>\n<div data-block-name=\"woocommerce\/cart-order-summary-discount-block\" class=\"wp-block-woocommerce-cart-order-summary-discount-block\"><\/div>\n<div data-block-name=\"woocommerce\/cart-order-summary-fee-block\" class=\"wp-block-woocommerce-cart-order-summary-fee-block\"><\/div>\n<div data-block-name=\"woocommerce\/cart-order-summary-shipping-block\" class=\"wp-block-woocommerce-cart-order-summary-shipping-block\"><\/div>\n<div data-block-name=\"woocommerce\/cart-order-summary-taxes-block\" class=\"wp-block-woocommerce-cart-order-summary-taxes-block\"><\/div><\/div>\n<\/div>\n\n\n\n<div data-block-name=\"woocommerce\/cart-express-payment-block\" class=\"wp-block-woocommerce-cart-express-payment-block\"><\/div>\n\n\n\n<div data-block-name=\"woocommerce\/proceed-to-checkout-block\" class=\"wp-block-woocommerce-proceed-to-checkout-block\"><\/div>\n\n\n\n<div data-block-name=\"woocommerce\/cart-accepted-payment-methods-block\" class=\"wp-block-woocommerce-cart-accepted-payment-methods-block\"><\/div>\n<\/div>\n<\/div>\n\n\n\n<div data-block-name=\"woocommerce\/empty-cart-block\" class=\"wp-block-woocommerce-empty-cart-block\">\n<h2 class=\"wp-block-heading has-text-align-center with-empty-cart-icon wc-block-cart__empty-cart__title\">Va\u0161a ko\u0161arica je trenutno prazna!<\/h2>\n\n\n\n<hr class=\"wp-block-separator has-alpha-channel-opacity is-style-dots\"\/>\n\n\n\n<h2 class=\"wp-block-heading has-text-align-center\">Novo v trgovini<\/h2>\n\n\n<div data-block-name=\"woocommerce\/product-new\" data-columns=\"4\" data-rows=\"1\" class=\"wc-block-grid wp-block-product-new wp-block-woocommerce-product-new wc-block-product-new has-4-columns\"><ul class=\"wc-block-grid__products\"><li class=\"wc-block-grid__product\">\n\t\t\t\t<a href=\"https:\/\/www.thegreatleadership.com\/sl\/izdelek\/great-team-playing-cards\/\" class=\"wc-block-grid__product-link\">\n\t\t\t\t\t\n\t\t\t\t\t<div class=\"wc-block-grid__product-image\"><img fetchpriority=\"high\" decoding=\"async\" width=\"300\" height=\"300\" src=\"https:\/\/www.thegreatleadership.com\/wp-content\/uploads\/2025\/08\/doac-cards-riot-300x300.jpg\" class=\"attachment-woocommerce_thumbnail size-woocommerce_thumbnail\" alt=\"GREAT Team playing cards\" srcset=\"https:\/\/www.thegreatleadership.com\/wp-content\/uploads\/2025\/08\/doac-cards-riot-300x300.jpg 300w, https:\/\/www.thegreatleadership.com\/wp-content\/uploads\/2025\/08\/doac-cards-riot-150x150.jpg 150w, https:\/\/www.thegreatleadership.com\/wp-content\/uploads\/2025\/08\/doac-cards-riot-100x100.jpg 100w\" sizes=\"(max-width: 300px) 100vw, 300px\" \/><\/div>\n\t\t\t\t\t<div class=\"wc-block-grid__product-title\">GREAT Team playing cards<\/div>\n\t\t\t\t<\/a>\n\t\t\t\t<div class=\"wc-block-grid__product-price price\"><\/div>\n\t\t\t\t\n\t\t\t\t<div class=\"wp-block-button wc-block-grid__product-add-to-cart\"><a href=\"https:\/\/www.thegreatleadership.com\/sl\/izdelek\/great-team-playing-cards\/\" aria-label=\"Preberite si ve\u010d o \u201cGREAT Team playing cards\u201d\" data-quantity=\"1\" data-product_id=\"10709\" data-product_sku=\"\" data-price=\"0\" rel=\"nofollow\" class=\"wp-block-button__link  add_to_cart_button\" data-no-translation=\"\" data-trp-gettext=\"\" data-no-translation-aria-label=\"\">Preberi ve\u010d<\/a><\/div>\n\t\t\t<\/li><li class=\"wc-block-grid__product\">\n\t\t\t\t<a href=\"https:\/\/www.thegreatleadership.com\/sl\/izdelek\/leadership-experience-2\/\" class=\"wc-block-grid__product-link\">\n\t\t\t\t\t\n\t\t\t\t\t<div class=\"wc-block-grid__product-image\"><img decoding=\"async\" width=\"300\" height=\"300\" src=\"https:\/\/www.thegreatleadership.com\/wp-content\/uploads\/2025\/05\/tablet-min-300x300.webp\" class=\"attachment-woocommerce_thumbnail size-woocommerce_thumbnail\" alt=\"Leadership experience\" srcset=\"https:\/\/www.thegreatleadership.com\/wp-content\/uploads\/2025\/05\/tablet-min-300x300.webp 300w, https:\/\/www.thegreatleadership.com\/wp-content\/uploads\/2025\/05\/tablet-min-150x150.webp 150w, https:\/\/www.thegreatleadership.com\/wp-content\/uploads\/2025\/05\/tablet-min-100x100.webp 100w\" sizes=\"(max-width: 300px) 100vw, 300px\" \/><\/div>\n\t\t\t\t\t<div class=\"wc-block-grid__product-title\">Leadership Experience<\/div>\n\t\t\t\t<\/a>\n\t\t\t\t<div class=\"wc-block-grid__product-price price\"><span class=\"woocommerce-Price-amount amount\">1.250,00&nbsp;<span class=\"woocommerce-Price-currencySymbol\">&euro;<\/span><\/span><\/div>\n\t\t\t\t\n\t\t\t\t<div class=\"wp-block-button wc-block-grid__product-add-to-cart\"><a href=\"\/sl\/wp-json\/wp\/v2\/pages\/9922?add-to-cart=10708\" aria-label=\"Dodaj v ko\u0161arico: \u201cLeadership experience\u201d\" data-quantity=\"1\" data-product_id=\"10708\" data-product_sku=\"\" data-price=\"1250\" rel=\"nofollow\" class=\"wp-block-button__link  add_to_cart_button ajax_add_to_cart\" data-no-translation=\"\" data-trp-gettext=\"\" data-no-translation-aria-label=\"\">Dodaj v ko\u0161arico<\/a><\/div>\n\t\t\t<\/li><li class=\"wc-block-grid__product\">\n\t\t\t\t<a href=\"https:\/\/www.thegreatleadership.com\/sl\/izdelek\/leadership-experience\/\" class=\"wc-block-grid__product-link\">\n\t\t\t\t\t\n\t\t\t\t\t<div class=\"wc-block-grid__product-image\"><img decoding=\"async\" width=\"300\" height=\"300\" src=\"https:\/\/www.thegreatleadership.com\/wp-content\/uploads\/2024\/09\/leadership-experience-bglg-300x300.jpg\" class=\"attachment-woocommerce_thumbnail size-woocommerce_thumbnail\" alt=\"Leadership Experience\" srcset=\"https:\/\/www.thegreatleadership.com\/wp-content\/uploads\/2024\/09\/leadership-experience-bglg-300x300.jpg 300w, https:\/\/www.thegreatleadership.com\/wp-content\/uploads\/2024\/09\/leadership-experience-bglg-100x100.jpg 100w, https:\/\/www.thegreatleadership.com\/wp-content\/uploads\/2024\/09\/leadership-experience-bglg-150x150.jpg 150w, https:\/\/www.thegreatleadership.com\/wp-content\/uploads\/2024\/09\/leadership-experience-bglg-320x320.jpg 320w\" sizes=\"(max-width: 300px) 100vw, 300px\" \/><\/div>\n\t\t\t\t\t<div class=\"wc-block-grid__product-title\">Leadership Experience<\/div>\n\t\t\t\t<\/a>\n\t\t\t\t<div class=\"wc-block-grid__product-price price\"><span class=\"woocommerce-Price-amount amount\">1.250,00&nbsp;<span class=\"woocommerce-Price-currencySymbol\">&euro;<\/span><\/span><\/div>\n\t\t\t\t\n\t\t\t\t<div class=\"wp-block-button wc-block-grid__product-add-to-cart\"><a href=\"\/sl\/wp-json\/wp\/v2\/pages\/9922?add-to-cart=9971\" aria-label=\"Dodaj v ko\u0161arico: \u201cLeadership Experience\u201d\" data-quantity=\"1\" data-product_id=\"9971\" data-product_sku=\"\" data-price=\"1250\" rel=\"nofollow\" class=\"wp-block-button__link  add_to_cart_button ajax_add_to_cart\" data-no-translation=\"\" data-trp-gettext=\"\" data-no-translation-aria-label=\"\">Dodaj v ko\u0161arico<\/a><\/div>\n\t\t\t<\/li><\/ul><\/div><\/div>\n<\/div>","protected":false},"excerpt":{"rendered":"Mogo\u010de bi vas zanimalo ... Va\u0161a ko\u0161arica je trenutno prazna! Novo v trgovini","protected":false},"author":2,"featured_media":0,"parent":0,"menu_order":0,"comment_status":"closed","ping_status":"closed","template":"","meta":{"_acf_changed":false,"_uag_custom_page_level_css":"","footnotes":""},"class_list":["post-9922","page","type-page","status-publish","hentry"],"acf":[],"yoast_head":"<!-- This site is optimized with the Yoast SEO plugin v26.4 - https:\/\/yoast.com\/wordpress\/plugins\/seo\/ -->\n<title>Ko\u0161arica - GREAT Leadership Solutions<\/title>\n<meta name=\"robots\" content=\"noindex, follow\" \/>\n<meta property=\"og:locale\" content=\"sl_SI\" \/>\n<meta property=\"og:type\" content=\"article\" \/>\n<meta property=\"og:title\" content=\"Ko\u0161arica - GREAT Leadership Solutions\" \/>\n<meta property=\"og:url\" content=\"https:\/\/www.thegreatleadership.com\/sl\/kosarica\/\" \/>\n<meta property=\"og:site_name\" content=\"GREAT Leadership Solutions\" \/>\n<meta property=\"article:modified_time\" content=\"2026-02-11T14:51:08+00:00\" \/>\n<meta name=\"twitter:card\" content=\"summary_large_image\" \/>\n<meta name=\"twitter:label1\" content=\"Est. reading time\" \/>\n\t<meta name=\"twitter:data1\" content=\"1 minuta\" \/>\n<script type=\"application\/ld+json\" class=\"yoast-schema-graph\">{\"@context\":\"https:\/\/schema.org\",\"@graph\":[{\"@type\":\"WebPage\",\"@id\":\"https:\/\/www.thegreatleadership.com\/kosarica\/\",\"url\":\"https:\/\/www.thegreatleadership.com\/kosarica\/\",\"name\":\"Ko\u0161arica - GREAT Leadership Solutions\",\"isPartOf\":{\"@id\":\"https:\/\/www.thegreatleadership.com\/#website\"},\"datePublished\":\"2025-02-15T08:16:32+00:00\",\"dateModified\":\"2026-02-11T14:51:08+00:00\",\"breadcrumb\":{\"@id\":\"https:\/\/www.thegreatleadership.com\/kosarica\/#breadcrumb\"},\"inLanguage\":\"sl-SI\",\"potentialAction\":[{\"@type\":\"ReadAction\",\"target\":[\"https:\/\/www.thegreatleadership.com\/kosarica\/\"]}]},{\"@type\":\"BreadcrumbList\",\"@id\":\"https:\/\/www.thegreatleadership.com\/kosarica\/#breadcrumb\",\"itemListElement\":[{\"@type\":\"ListItem\",\"position\":1,\"name\":\"Home\",\"item\":\"https:\/\/www.thegreatleadership.com\/\"},{\"@type\":\"ListItem\",\"position\":2,\"name\":\"Ko\u0161arica\"}]},{\"@type\":\"WebSite\",\"@id\":\"https:\/\/www.thegreatleadership.com\/#website\",\"url\":\"https:\/\/www.thegreatleadership.com\/\",\"name\":\"GREAT Leadership Solutions\",\"description\":\"\",\"publisher\":{\"@id\":\"https:\/\/www.thegreatleadership.com\/#organization\"},\"potentialAction\":[{\"@type\":\"SearchAction\",\"target\":{\"@type\":\"EntryPoint\",\"urlTemplate\":\"https:\/\/www.thegreatleadership.com\/?s={search_term_string}\"},\"query-input\":{\"@type\":\"PropertyValueSpecification\",\"valueRequired\":true,\"valueName\":\"search_term_string\"}}],\"inLanguage\":\"sl-SI\"},{\"@type\":\"Organization\",\"@id\":\"https:\/\/www.thegreatleadership.com\/#organization\",\"name\":\"GREAT Leadership Solutions\",\"url\":\"https:\/\/www.thegreatleadership.com\/\",\"logo\":{\"@type\":\"ImageObject\",\"inLanguage\":\"sl-SI\",\"@id\":\"https:\/\/www.thegreatleadership.com\/#\/schema\/logo\/image\/\",\"url\":\"https:\/\/www.thegreatleadership.com\/wp-content\/uploads\/2024\/09\/logo-white.png\",\"contentUrl\":\"https:\/\/www.thegreatleadership.com\/wp-content\/uploads\/2024\/09\/logo-white.png\",\"width\":1830,\"height\":536,\"caption\":\"GREAT Leadership Solutions\"},\"image\":{\"@id\":\"https:\/\/www.thegreatleadership.com\/#\/schema\/logo\/image\/\"}}]}<\/script>\n<!-- \/ Yoast SEO plugin. -->","yoast_head_json":{"title":"Ko\u0161arica - GREAT Leadership Solutions","robots":{"index":"noindex","follow":"follow"},"og_locale":"sl_SI","og_type":"article","og_title":"Ko\u0161arica - GREAT Leadership Solutions","og_url":"https:\/\/www.thegreatleadership.com\/sl\/kosarica\/","og_site_name":"GREAT Leadership Solutions","article_modified_time":"2026-02-11T14:51:08+00:00","twitter_card":"summary_large_image","twitter_misc":{"Est. reading time":"1 minuta"},"schema":{"@context":"https:\/\/schema.org","@graph":[{"@type":"WebPage","@id":"https:\/\/www.thegreatleadership.com\/kosarica\/","url":"https:\/\/www.thegreatleadership.com\/kosarica\/","name":"Ko\u0161arica - GREAT Leadership Solutions","isPartOf":{"@id":"https:\/\/www.thegreatleadership.com\/#website"},"datePublished":"2025-02-15T08:16:32+00:00","dateModified":"2026-02-11T14:51:08+00:00","breadcrumb":{"@id":"https:\/\/www.thegreatleadership.com\/kosarica\/#breadcrumb"},"inLanguage":"sl-SI","potentialAction":[{"@type":"ReadAction","target":["https:\/\/www.thegreatleadership.com\/kosarica\/"]}]},{"@type":"BreadcrumbList","@id":"https:\/\/www.thegreatleadership.com\/kosarica\/#breadcrumb","itemListElement":[{"@type":"ListItem","position":1,"name":"Home","item":"https:\/\/www.thegreatleadership.com\/"},{"@type":"ListItem","position":2,"name":"Ko\u0161arica"}]},{"@type":"WebSite","@id":"https:\/\/www.thegreatleadership.com\/#website","url":"https:\/\/www.thegreatleadership.com\/","name":"GREAT Leadership Solutions","description":"","publisher":{"@id":"https:\/\/www.thegreatleadership.com\/#organization"},"potentialAction":[{"@type":"SearchAction","target":{"@type":"EntryPoint","urlTemplate":"https:\/\/www.thegreatleadership.com\/?s={search_term_string}"},"query-input":{"@type":"PropertyValueSpecification","valueRequired":true,"valueName":"search_term_string"}}],"inLanguage":"sl-SI"},{"@type":"Organization","@id":"https:\/\/www.thegreatleadership.com\/#organization","name":"GREAT Leadership Solutions","url":"https:\/\/www.thegreatleadership.com\/","logo":{"@type":"ImageObject","inLanguage":"sl-SI","@id":"https:\/\/www.thegreatleadership.com\/#\/schema\/logo\/image\/","url":"https:\/\/www.thegreatleadership.com\/wp-content\/uploads\/2024\/09\/logo-white.png","contentUrl":"https:\/\/www.thegreatleadership.com\/wp-content\/uploads\/2024\/09\/logo-white.png","width":1830,"height":536,"caption":"GREAT Leadership Solutions"},"image":{"@id":"https:\/\/www.thegreatleadership.com\/#\/schema\/logo\/image\/"}}]}},"uagb_featured_image_src":{"full":false,"thumbnail":false,"medium":false,"medium_large":false,"large":false,"1536x1536":false,"2048x2048":false,"trp-custom-language-flag":false,"woocommerce_thumbnail":false,"woocommerce_single":false,"woocommerce_gallery_thumbnail":false},"uagb_author_info":{"display_name":"Lucija Sajevec","author_link":"https:\/\/www.thegreatleadership.com\/sl\/author\/lucija\/"},"uagb_comment_info":0,"uagb_excerpt":null,"_links":{"self":[{"href":"https:\/\/www.thegreatleadership.com\/sl\/wp-json\/wp\/v2\/pages\/9922","targetHints":{"allow":["GET"]}}],"collection":[{"href":"https:\/\/www.thegreatleadership.com\/sl\/wp-json\/wp\/v2\/pages"}],"about":[{"href":"https:\/\/www.thegreatleadership.com\/sl\/wp-json\/wp\/v2\/types\/page"}],"author":[{"embeddable":true,"href":"https:\/\/www.thegreatleadership.com\/sl\/wp-json\/wp\/v2\/users\/2"}],"replies":[{"embeddable":true,"href":"https:\/\/www.thegreatleadership.com\/sl\/wp-json\/wp\/v2\/comments?post=9922"}],"version-history":[{"count":1,"href":"https:\/\/www.thegreatleadership.com\/sl\/wp-json\/wp\/v2\/pages\/9922\/revisions"}],"predecessor-version":[{"id":10462,"href":"https:\/\/www.thegreatleadership.com\/sl\/wp-json\/wp\/v2\/pages\/9922\/revisions\/10462"}],"wp:attachment":[{"href":"https:\/\/www.thegreatleadership.com\/sl\/wp-json\/wp\/v2\/media?parent=9922"}],"curies":[{"name":"wp","href":"https:\/\/api.w.org\/{rel}","templated":true}]}}